{"id":69,"date":"2022-02-11T02:05:05","date_gmt":"2022-02-11T02:05:05","guid":{"rendered":"https:\/\/source.wpopal.com\/bookory\/product\/intelligent-silk-lamp\/"},"modified":"2026-03-13T12:05:01","modified_gmt":"2026-03-13T15:05:01","slug":"hermeneutica","status":"publish","type":"product","link":"https:\/\/grupohn.com.br\/?product=hermeneutica","title":{"rendered":"Hermen\u00eautica na Interpreta\u00e7\u00e3o Jur\u00eddica"},"content":{"rendered":"<p>Toda decis\u00e3o jur\u00eddica nasce de uma interpreta\u00e7\u00e3o. Antes da senten\u00e7a, antes do argumento, antes da lei ganhar forma concreta, h\u00e1 um ato invis\u00edvel que determina o rumo do Direito: a leitura que o int\u00e9rprete faz do mundo.Este livro revela o que acontece nesse espa\u00e7o decisivo. Mostra que interpretar n\u00e3o \u00e9 repetir palavras da lei, mas compreender linguagem, contexto, valores e experi\u00eancia humana. A hermen\u00eautica jur\u00eddica surge aqui n\u00e3o como teoria distante, mas como instrumento vivo \u2014 a engrenagem que move a pr\u00e1tica jur\u00eddica.Ao longo de um percurso claro e envolvente, o leitor descobre por que nenhuma norma fala sozinha, por que toda decis\u00e3o carrega escolhas e por que a seguran\u00e7a jur\u00eddica depende da qualidade da interpreta\u00e7\u00e3o. Teoria e pr\u00e1tica se encontram em exemplos concretos, reflex\u00f5es filos\u00f3ficas e ferramentas t\u00e9cnicas que ampliam a capacidade de argumentar, decidir e compreender o Direito em profundidade.Este n\u00e3o \u00e9 apenas um livro sobre interpreta\u00e7\u00e3o. \u00c9 um convite para enxergar o Direito com novos olhos \u2014 e, a partir disso, atuar com mais consci\u00eancia, precis\u00e3o e responsabilidade no mundo jur\u00eddico.<\/p>\n","protected":false},"excerpt":{"rendered":"<div class=\"flex flex-col text-sm pb-25\">\n<article class=\"text-token-text-primary w-full focus:outline-none [--shadow-height:45px] has-data-writing-block:pointer-events-none has-data-writing-block:-mt-(--shadow-height) has-data-writing-block:pt-(--shadow-height) [&amp;:has([data-writing-block])&gt;*]:pointer-events-auto scroll-mt-[calc(var(--header-height)+min(200px,max(70px,20svh)))]\" dir=\"auto\" tabindex=\"-1\" data-turn-id=\"request-WEB:21064358-6146-4b94-b993-157d48c527fb-18\" data-testid=\"conversation-turn-2\" data-scroll-anchor=\"true\" data-turn=\"assistant\">\n<div class=\"text-base my-auto mx-auto pb-10 [--thread-content-margin:var(--thread-content-margin-xs,calc(var(--spacing)*4))] @w-sm\/main:[--thread-content-margin:var(--thread-content-margin-sm,calc(var(--spacing)*6))] @w-lg\/main:[--thread-content-margin:var(--thread-content-margin-lg,calc(var(--spacing)*16))] px-(--thread-content-margin)\">\n<div class=\"[--thread-content-max-width:40rem] @w-lg\/main:[--thread-content-max-width:48rem] mx-auto max-w-(--thread-content-max-width) flex-1 group\/turn-messages focus-visible:outline-hidden relative flex w-full min-w-0 flex-col agent-turn\" tabindex=\"-1\">\n<div class=\"flex max-w-full flex-col gap-4 grow\">\n<div class=\"min-h-8 text-message relative flex w-full flex-col items-end gap-2 text-start break-words whitespace-normal [.text-message+&amp;]:mt-1\" dir=\"auto\" data-message-author-role=\"assistant\" data-message-id=\"76efa5d7-9715-44ef-8af1-c4e4c39b78ea\" data-message-model-slug=\"gpt-5-3\">\n<div class=\"flex w-full flex-col gap-1 empty:hidden\">\n<div class=\"markdown prose dark:prose-invert w-full wrap-break-word dark markdown-new-styling\">\n<p data-start=\"41\" data-end=\"598\" data-is-last-node=\"\" data-is-only-node=\"\">Este livro apresenta a hermen\u00eautica jur\u00eddica como o verdadeiro ponto de partida das decis\u00f5es no Direito. Partindo da ideia de que nenhuma norma fala por si mesma, a obra demonstra como interpreta\u00e7\u00e3o, contexto e valores moldam a aplica\u00e7\u00e3o das leis na pr\u00e1tica. Com linguagem clara e exemplos concretos, o autor aproxima teoria e pr\u00e1tica para revelar como se constroem argumentos, decis\u00f5es e entendimentos jur\u00eddicos. Mais do que explicar a interpreta\u00e7\u00e3o das normas, o livro convida o leitor a compreender o Direito de forma mais profunda, cr\u00edtica e consciente.<\/p>\n<\/div>\n<\/div>\n<\/div>\n<\/div>\n<div class=\"z-0 flex min-h-[46px] justify-start\"><\/div>\n<div class=\"mt-3 w-full empty:hidden\">\n<div class=\"text-center\"><\/div>\n<\/div>\n<\/div>\n<\/div>\n<\/article>\n<\/div>\n<div class=\"pointer-events-none h-px w-px absolute bottom-0\" aria-hidden=\"true\" data-edge=\"true\"><\/div>\n","protected":false},"featured_media":9221,"comment_status":"open","ping_status":"closed","template":"","meta":[],"product_cat":[84,102],"product_tag":[],"class_list":{"0":"post-69","1":"product","2":"type-product","3":"status-publish","4":"has-post-thumbnail","6":"product_brand-themis","7":"product_cat-direito","8":"product_cat-hermeneutica","9":"pa_autores-paulo-baria","11":"first","12":"instock","13":"taxable","14":"shipping-taxable","15":"purchasable","16":"product-type-simple"},"_links":{"self":[{"href":"https:\/\/grupohn.com.br\/index.php?rest_route=\/wp\/v2\/product\/69","targetHints":{"allow":["GET"]}}],"collection":[{"href":"https:\/\/grupohn.com.br\/index.php?rest_route=\/wp\/v2\/product"}],"about":[{"href":"https:\/\/grupohn.com.br\/index.php?rest_route=\/wp\/v2\/types\/product"}],"replies":[{"embeddable":true,"href":"https:\/\/grupohn.com.br\/index.php?rest_route=%2Fwp%2Fv2%2Fcomments&post=69"}],"wp:featuredmedia":[{"embeddable":true,"href":"https:\/\/grupohn.com.br\/index.php?rest_route=\/wp\/v2\/media\/9221"}],"wp:attachment":[{"href":"https:\/\/grupohn.com.br\/index.php?rest_route=%2Fwp%2Fv2%2Fmedia&parent=69"}],"wp:term":[{"taxonomy":"product_cat","embeddable":true,"href":"https:\/\/grupohn.com.br\/index.php?rest_route=%2Fwp%2Fv2%2Fproduct_cat&post=69"},{"taxonomy":"product_tag","embeddable":true,"href":"https:\/\/grupohn.com.br\/index.php?rest_route=%2Fwp%2Fv2%2Fproduct_tag&post=69"}],"curies":[{"name":"wp","href":"https:\/\/api.w.org\/{rel}","templated":true}]}}